{"id":81,"date":"2025-02-18T19:14:18","date_gmt":"2025-02-18T22:14:18","guid":{"rendered":"https:\/\/ingesag.cl\/wp\/?page_id=81"},"modified":"2025-02-24T10:27:24","modified_gmt":"2025-02-24T13:27:24","slug":"edificio-altamar-ii","status":"publish","type":"page","link":"https:\/\/ingesag.cl\/wp\/proyectos\/proyectos-habitacionales\/edificio-altamar-ii\/","title":{"rendered":"Edificio Altamar II"},"content":{"rendered":"\n<figure class=\"wp-block-image size-full\"><img loading=\"lazy\" decoding=\"async\" width=\"900\" height=\"600\" src=\"https:\/\/ingesag.cl\/wp\/wp-content\/uploads\/Edificio-Altamar-2.jpg\" alt=\"\" class=\"wp-image-44\" srcset=\"https:\/\/ingesag.cl\/wp\/wp-content\/uploads\/Edificio-Altamar-2.jpg 900w, https:\/\/ingesag.cl\/wp\/wp-content\/uploads\/Edificio-Altamar-2-600x400.jpg 600w, https:\/\/ingesag.cl\/wp\/wp-content\/uploads\/Edificio-Altamar-2-768x512.jpg 768w\" sizes=\"auto, (max-width: 900px) 100vw, 900px\" \/><\/figure>\n\n\n\n<div class=\"wp-block-group has-background has-global-padding is-layout-constrained wp-block-group-is-layout-constrained\" style=\"background-color:#003a4a\">\n<figure class=\"wp-block-image size-full is-resized\"><img loading=\"lazy\" decoding=\"async\" width=\"1640\" height=\"664\" src=\"https:\/\/ingesag.cl\/wp\/wp-content\/uploads\/verde.png\" alt=\"\" class=\"wp-image-146\" style=\"width:74px;height:auto\" srcset=\"https:\/\/ingesag.cl\/wp\/wp-content\/uploads\/verde.png 1640w, https:\/\/ingesag.cl\/wp\/wp-content\/uploads\/verde-600x243.png 600w, https:\/\/ingesag.cl\/wp\/wp-content\/uploads\/verde-768x311.png 768w, https:\/\/ingesag.cl\/wp\/wp-content\/uploads\/verde-1536x622.png 1536w\" sizes=\"auto, (max-width: 1640px) 100vw, 1640px\" \/><\/figure>\n<\/div>\n\n\n\n<div class=\"wp-block-columns is-layout-flex wp-container-core-columns-is-layout-28f84493 wp-block-columns-is-layout-flex\">\n<div class=\"wp-block-column is-layout-flow wp-block-column-is-layout-flow\" style=\"flex-basis:80%\">\n<p><strong>Direcci\u00f3n:<\/strong> Lapizl\u00e1zuli 1590, Re\u00f1aca, Vi\u00f1a del Mar.<\/p>\n\n\n\n<p><strong>Superficie Construida:<\/strong> 1.600 m<sup>2<\/sup>.<\/p>\n\n\n\n<p><strong>Estructuraci\u00f3n:<\/strong> Edificio escalonado construido en la duna de Re\u00f1aca. Contempla seis pisos, construidos en Hormig\u00f3n Armado.<\/p>\n\n\n\n<p>Estructuras de muros.<\/p>\n\n\n\n<p>El muro posterior contiene cinco pisos de terreno a trasd\u00f3s. Son 10 departamentos en total.<\/p>\n<\/div>\n\n\n\n<div class=\"wp-block-column has-background has-global-padding is-content-justification-left is-layout-constrained wp-container-core-column-is-layout-4fb6137e wp-block-column-is-layout-constrained\" style=\"background-color:#ece7da;padding-right:var(--wp--preset--spacing--20);padding-left:var(--wp--preset--spacing--20);flex-basis:50%\">\n<h3 class=\"wp-block-heading\"><strong>Fecha<\/strong><\/h3>\n\n\n\n<p>2003<\/p>\n\n\n\n<hr class=\"wp-block-separator has-alpha-channel-opacity\"\/>\n\n\n\n<h3 class=\"wp-block-heading\"><strong>Mandante<\/strong><\/h3>\n\n\n\n<p>Inmobiliaria MYK y C\u00eda. Ltda.<\/p>\n\n\n\n<hr class=\"wp-block-separator has-alpha-channel-opacity\"\/>\n\n\n\n<h3 class=\"wp-block-heading\"><strong>Arquitecto<\/strong><\/h3>\n\n\n\n<p>Mera y Konrad<\/p>\n\n\n\n<hr class=\"wp-block-separator has-alpha-channel-opacity\"\/>\n\n\n\n<h3 class=\"wp-block-heading has-text-align-left\"><strong>Categor\u00eda<\/strong><\/h3>\n\n\n\n<p>Habitacional<\/p>\n\n\n\n<p><\/p>\n<\/div>\n<\/div>\n\n\n\n<div class=\"wp-block-group has-background has-global-padding is-layout-constrained wp-block-group-is-layout-constrained\" style=\"background-color:#f65f14\">\n<figure class=\"wp-block-image size-full is-resized\"><img loading=\"lazy\" decoding=\"async\" width=\"1640\" height=\"664\" src=\"https:\/\/ingesag.cl\/wp\/wp-content\/uploads\/naranjo.png\" alt=\"\" class=\"wp-image-145\" style=\"width:74px\" srcset=\"https:\/\/ingesag.cl\/wp\/wp-content\/uploads\/naranjo.png 1640w, https:\/\/ingesag.cl\/wp\/wp-content\/uploads\/naranjo-600x243.png 600w, https:\/\/ingesag.cl\/wp\/wp-content\/uploads\/naranjo-768x311.png 768w, https:\/\/ingesag.cl\/wp\/wp-content\/uploads\/naranjo-1536x622.png 1536w\" sizes=\"auto, (max-width: 1640px) 100vw, 1640px\" \/><\/figure>\n<\/div>\n","protected":false},"excerpt":{"rendered":"<p>Direcci\u00f3n: Lapizl\u00e1zuli 1590, Re\u00f1aca, Vi\u00f1a del Mar. Superficie Construida: 1.600 m2. Estructuraci\u00f3n: Edificio escalonado construido en la duna de Re\u00f1aca. Contempla seis pisos, construidos en Hormig\u00f3n Armado. Estructuras de muros. El muro posterior contiene cinco pisos de terreno a trasd\u00f3s. Son 10 departamentos en total. Fecha 2003 Mandante Inmobiliaria MYK y C\u00eda. Ltda. Arquitecto Mera [&hellip;]<\/p>\n","protected":false},"author":1,"featured_media":0,"parent":26,"menu_order":0,"comment_status":"closed","ping_status":"closed","template":"","meta":{"_editorskit_title_hidden":false,"_editorskit_reading_time":0,"_editorskit_is_block_options_detached":false,"_editorskit_block_options_position":"{}","_uag_custom_page_level_css":"","footnotes":""},"class_list":["post-81","page","type-page","status-publish","hentry"],"uagb_featured_image_src":{"full":false,"thumbnail":false,"medium":false,"medium_large":false,"large":false,"1536x1536":false,"2048x2048":false},"uagb_author_info":{"display_name":"asg","author_link":"https:\/\/ingesag.cl\/wp\/author\/ifeye\/"},"uagb_comment_info":0,"uagb_excerpt":"Direcci\u00f3n: Lapizl\u00e1zuli 1590, Re\u00f1aca, Vi\u00f1a del Mar. Superficie Construida: 1.600 m2. Estructuraci\u00f3n: Edificio escalonado construido en la duna de Re\u00f1aca. Contempla seis pisos, construidos en Hormig\u00f3n Armado. Estructuras de muros. El muro posterior contiene cinco pisos de terreno a trasd\u00f3s. Son 10 departamentos en total. Fecha 2003 Mandante Inmobiliaria MYK y C\u00eda. Ltda. Arquitecto Mera&hellip;","_links":{"self":[{"href":"https:\/\/ingesag.cl\/wp\/wp-json\/wp\/v2\/pages\/81","targetHints":{"allow":["GET"]}}],"collection":[{"href":"https:\/\/ingesag.cl\/wp\/wp-json\/wp\/v2\/pages"}],"about":[{"href":"https:\/\/ingesag.cl\/wp\/wp-json\/wp\/v2\/types\/page"}],"author":[{"embeddable":true,"href":"https:\/\/ingesag.cl\/wp\/wp-json\/wp\/v2\/users\/1"}],"replies":[{"embeddable":true,"href":"https:\/\/ingesag.cl\/wp\/wp-json\/wp\/v2\/comments?post=81"}],"version-history":[{"count":15,"href":"https:\/\/ingesag.cl\/wp\/wp-json\/wp\/v2\/pages\/81\/revisions"}],"predecessor-version":[{"id":326,"href":"https:\/\/ingesag.cl\/wp\/wp-json\/wp\/v2\/pages\/81\/revisions\/326"}],"up":[{"embeddable":true,"href":"https:\/\/ingesag.cl\/wp\/wp-json\/wp\/v2\/pages\/26"}],"wp:attachment":[{"href":"https:\/\/ingesag.cl\/wp\/wp-json\/wp\/v2\/media?parent=81"}],"curies":[{"name":"wp","href":"https:\/\/api.w.org\/{rel}","templated":true}]}}