{"id":362,"date":"2025-02-24T21:58:22","date_gmt":"2025-02-25T00:58:22","guid":{"rendered":"https:\/\/ingesag.cl\/wp\/?page_id=362"},"modified":"2025-02-24T22:01:05","modified_gmt":"2025-02-25T01:01:05","slug":"centro-de-cuidados-el-batro-2","status":"publish","type":"page","link":"https:\/\/ingesag.cl\/wp\/proyectos\/proyectos-area-social\/centro-de-cuidados-el-batro-2\/","title":{"rendered":"Centro de Cuidados El Batro"},"content":{"rendered":"\n<figure class=\"wp-block-image size-full\"><img loading=\"lazy\" decoding=\"async\" width=\"2560\" height=\"1182\" src=\"https:\/\/ingesag.cl\/wp\/wp-content\/uploads\/Centro-de-Cuidados-El-Batro-scaled.jpg\" alt=\"\" class=\"wp-image-343\" srcset=\"https:\/\/ingesag.cl\/wp\/wp-content\/uploads\/Centro-de-Cuidados-El-Batro-scaled.jpg 2560w, https:\/\/ingesag.cl\/wp\/wp-content\/uploads\/Centro-de-Cuidados-El-Batro-600x277.jpg 600w, https:\/\/ingesag.cl\/wp\/wp-content\/uploads\/Centro-de-Cuidados-El-Batro-1920x887.jpg 1920w, https:\/\/ingesag.cl\/wp\/wp-content\/uploads\/Centro-de-Cuidados-El-Batro-768x355.jpg 768w, https:\/\/ingesag.cl\/wp\/wp-content\/uploads\/Centro-de-Cuidados-El-Batro-1536x709.jpg 1536w, https:\/\/ingesag.cl\/wp\/wp-content\/uploads\/Centro-de-Cuidados-El-Batro-2048x946.jpg 2048w\" sizes=\"auto, (max-width: 2560px) 100vw, 2560px\" \/><\/figure>\n\n\n\n<div class=\"wp-block-group has-background has-global-padding is-layout-constrained wp-block-group-is-layout-constrained\" style=\"background-color:#003a4a\">\n<figure class=\"wp-block-image size-full is-resized\"><img loading=\"lazy\" decoding=\"async\" width=\"1640\" height=\"664\" src=\"https:\/\/ingesag.cl\/wp\/wp-content\/uploads\/verde.png\" alt=\"\" class=\"wp-image-146\" style=\"width:74px;height:auto\" srcset=\"https:\/\/ingesag.cl\/wp\/wp-content\/uploads\/verde.png 1640w, https:\/\/ingesag.cl\/wp\/wp-content\/uploads\/verde-600x243.png 600w, https:\/\/ingesag.cl\/wp\/wp-content\/uploads\/verde-768x311.png 768w, https:\/\/ingesag.cl\/wp\/wp-content\/uploads\/verde-1536x622.png 1536w\" sizes=\"auto, (max-width: 1640px) 100vw, 1640px\" \/><\/figure>\n<\/div>\n\n\n\n<div class=\"wp-block-columns is-layout-flex wp-container-core-columns-is-layout-28f84493 wp-block-columns-is-layout-flex\">\n<div class=\"wp-block-column is-layout-flow wp-block-column-is-layout-flow\" style=\"flex-basis:80%\">\n<p><strong>Direcci\u00f3n:<\/strong> Ex-Escuela El Batro, ruta F-800 km 7, S\/N, Camino Quintay, Casablanca.<\/p>\n\n\n\n<p><strong>Superficie Construida:<\/strong> 310 m<sup>2<\/sup>.<\/p>\n\n\n\n<p><strong>Estructuraci\u00f3n:<\/strong> Se proyectan dos m\u00f3dulos independientes, de un piso, estructurados con muros de hormig\u00f3n armado y alba\u00f1iler\u00eda de bloques, destinados a sal\u00f3n cultural, espacio de cuidados, bodega, ba\u00f1os, espacios de administraci\u00f3n, econom\u00eda local y cocina.<\/p>\n<\/div>\n\n\n\n<div class=\"wp-block-column has-background is-layout-flow wp-block-column-is-layout-flow\" style=\"background-color:#ece7da;padding-top:0;padding-right:var(--wp--preset--spacing--20);padding-bottom:0;padding-left:var(--wp--preset--spacing--20);flex-basis:50%\">\n<h3 class=\"wp-block-heading\"><strong>Fecha<\/strong><\/h3>\n\n\n\n<p>2023<\/p>\n\n\n\n<hr class=\"wp-block-separator has-alpha-channel-opacity\"\/>\n\n\n\n<h3 class=\"wp-block-heading\"><strong>Mandante<\/strong><\/h3>\n\n\n\n<p>Municipalidad de Casablanca<\/p>\n\n\n\n<hr class=\"wp-block-separator has-alpha-channel-opacity\"\/>\n\n\n\n<h3 class=\"wp-block-heading\"><strong>Arquitecto<\/strong><\/h3>\n\n\n\n<p>Gustavo P\u00e9rez<\/p>\n\n\n\n<hr class=\"wp-block-separator has-alpha-channel-opacity\"\/>\n\n\n\n<h3 class=\"wp-block-heading\"><strong>Categor\u00eda<\/strong><\/h3>\n\n\n\n<p>\u00c1rea Social<\/p>\n\n\n\n<p><\/p>\n<\/div>\n<\/div>\n\n\n\n<div class=\"wp-block-group has-background has-global-padding is-layout-constrained wp-block-group-is-layout-constrained\" style=\"background-color:#f65f14\">\n<figure class=\"wp-block-image size-full is-resized\"><img loading=\"lazy\" decoding=\"async\" width=\"1640\" height=\"664\" src=\"https:\/\/ingesag.cl\/wp\/wp-content\/uploads\/naranjo.png\" alt=\"\" class=\"wp-image-145\" style=\"width:74px\" srcset=\"https:\/\/ingesag.cl\/wp\/wp-content\/uploads\/naranjo.png 1640w, https:\/\/ingesag.cl\/wp\/wp-content\/uploads\/naranjo-600x243.png 600w, https:\/\/ingesag.cl\/wp\/wp-content\/uploads\/naranjo-768x311.png 768w, https:\/\/ingesag.cl\/wp\/wp-content\/uploads\/naranjo-1536x622.png 1536w\" sizes=\"auto, (max-width: 1640px) 100vw, 1640px\" \/><\/figure>\n<\/div>\n\n\n\n<p><\/p>\n","protected":false},"excerpt":{"rendered":"<p>Direcci\u00f3n: Ex-Escuela El Batro, ruta F-800 km 7, S\/N, Camino Quintay, Casablanca. Superficie Construida: 310 m2. Estructuraci\u00f3n: Se proyectan dos m\u00f3dulos independientes, de un piso, estructurados con muros de hormig\u00f3n armado y alba\u00f1iler\u00eda de bloques, destinados a sal\u00f3n cultural, espacio de cuidados, bodega, ba\u00f1os, espacios de administraci\u00f3n, econom\u00eda local y cocina. Fecha 2023 Mandante Municipalidad [&hellip;]<\/p>\n","protected":false},"author":1,"featured_media":0,"parent":32,"menu_order":0,"comment_status":"closed","ping_status":"closed","template":"","meta":{"_editorskit_title_hidden":false,"_editorskit_reading_time":0,"_editorskit_is_block_options_detached":false,"_editorskit_block_options_position":"{}","_uag_custom_page_level_css":"","footnotes":""},"class_list":["post-362","page","type-page","status-publish","hentry"],"uagb_featured_image_src":{"full":false,"thumbnail":false,"medium":false,"medium_large":false,"large":false,"1536x1536":false,"2048x2048":false},"uagb_author_info":{"display_name":"asg","author_link":"https:\/\/ingesag.cl\/wp\/author\/ifeye\/"},"uagb_comment_info":0,"uagb_excerpt":"Direcci\u00f3n: Ex-Escuela El Batro, ruta F-800 km 7, S\/N, Camino Quintay, Casablanca. Superficie Construida: 310 m2. Estructuraci\u00f3n: Se proyectan dos m\u00f3dulos independientes, de un piso, estructurados con muros de hormig\u00f3n armado y alba\u00f1iler\u00eda de bloques, destinados a sal\u00f3n cultural, espacio de cuidados, bodega, ba\u00f1os, espacios de administraci\u00f3n, econom\u00eda local y cocina. Fecha 2023 Mandante Municipalidad&hellip;","_links":{"self":[{"href":"https:\/\/ingesag.cl\/wp\/wp-json\/wp\/v2\/pages\/362","targetHints":{"allow":["GET"]}}],"collection":[{"href":"https:\/\/ingesag.cl\/wp\/wp-json\/wp\/v2\/pages"}],"about":[{"href":"https:\/\/ingesag.cl\/wp\/wp-json\/wp\/v2\/types\/page"}],"author":[{"embeddable":true,"href":"https:\/\/ingesag.cl\/wp\/wp-json\/wp\/v2\/users\/1"}],"replies":[{"embeddable":true,"href":"https:\/\/ingesag.cl\/wp\/wp-json\/wp\/v2\/comments?post=362"}],"version-history":[{"count":2,"href":"https:\/\/ingesag.cl\/wp\/wp-json\/wp\/v2\/pages\/362\/revisions"}],"predecessor-version":[{"id":365,"href":"https:\/\/ingesag.cl\/wp\/wp-json\/wp\/v2\/pages\/362\/revisions\/365"}],"up":[{"embeddable":true,"href":"https:\/\/ingesag.cl\/wp\/wp-json\/wp\/v2\/pages\/32"}],"wp:attachment":[{"href":"https:\/\/ingesag.cl\/wp\/wp-json\/wp\/v2\/media?parent=362"}],"curies":[{"name":"wp","href":"https:\/\/api.w.org\/{rel}","templated":true}]}}