{"id":241,"date":"2025-02-22T19:48:05","date_gmt":"2025-02-22T22:48:05","guid":{"rendered":"https:\/\/ingesag.cl\/wp\/?page_id=241"},"modified":"2025-02-24T10:25:09","modified_gmt":"2025-02-24T13:25:09","slug":"colegio-panamerican-college","status":"publish","type":"page","link":"https:\/\/ingesag.cl\/wp\/proyectos\/proyectos-educacionales\/colegio-panamerican-college\/","title":{"rendered":"Colegio Panamerican College"},"content":{"rendered":"\n<figure class=\"wp-block-image size-full\"><img loading=\"lazy\" decoding=\"async\" width=\"2560\" height=\"2076\" src=\"https:\/\/ingesag.cl\/wp\/wp-content\/uploads\/Colegio-Panamerican-Collegue-scaled.jpg\" alt=\"\" class=\"wp-image-238\" srcset=\"https:\/\/ingesag.cl\/wp\/wp-content\/uploads\/Colegio-Panamerican-Collegue-scaled.jpg 2560w, https:\/\/ingesag.cl\/wp\/wp-content\/uploads\/Colegio-Panamerican-Collegue-600x487.jpg 600w, https:\/\/ingesag.cl\/wp\/wp-content\/uploads\/Colegio-Panamerican-Collegue-1332x1080.jpg 1332w, https:\/\/ingesag.cl\/wp\/wp-content\/uploads\/Colegio-Panamerican-Collegue-768x623.jpg 768w, https:\/\/ingesag.cl\/wp\/wp-content\/uploads\/Colegio-Panamerican-Collegue-1536x1246.jpg 1536w, https:\/\/ingesag.cl\/wp\/wp-content\/uploads\/Colegio-Panamerican-Collegue-2048x1661.jpg 2048w\" sizes=\"auto, (max-width: 2560px) 100vw, 2560px\" \/><\/figure>\n\n\n\n<div class=\"wp-block-group has-background has-global-padding is-layout-constrained wp-block-group-is-layout-constrained\" style=\"background-color:#003a4a\">\n<figure class=\"wp-block-image size-full is-resized\"><img loading=\"lazy\" decoding=\"async\" width=\"1640\" height=\"664\" src=\"https:\/\/ingesag.cl\/wp\/wp-content\/uploads\/verde.png\" alt=\"\" class=\"wp-image-146\" style=\"width:74px;height:auto\" srcset=\"https:\/\/ingesag.cl\/wp\/wp-content\/uploads\/verde.png 1640w, https:\/\/ingesag.cl\/wp\/wp-content\/uploads\/verde-600x243.png 600w, https:\/\/ingesag.cl\/wp\/wp-content\/uploads\/verde-768x311.png 768w, https:\/\/ingesag.cl\/wp\/wp-content\/uploads\/verde-1536x622.png 1536w\" sizes=\"auto, (max-width: 1640px) 100vw, 1640px\" \/><\/figure>\n<\/div>\n\n\n\n<div class=\"wp-block-columns is-layout-flex wp-container-core-columns-is-layout-28f84493 wp-block-columns-is-layout-flex\">\n<div class=\"wp-block-column is-layout-flow wp-block-column-is-layout-flow\" style=\"flex-basis:80%\">\n<p><strong>Direcci\u00f3n:<\/strong> Los Pinos 45, Vi\u00f1a del Mar.<\/p>\n\n\n\n<p><strong>Superficie Construida:<\/strong> 360 m<sup>2<\/sup>.<\/p>\n\n\n\n<p><strong>Estructuraci\u00f3n:<\/strong> Ampliaci\u00f3n de un pabell\u00f3n con las instalaciones necesarias para albergar un nuevo Comedor, taller, Sala de Computaci\u00f3n y Biblioteca. El edificio tiene tres pisos, estructurado en Hormig\u00f3n armado.<\/p>\n<\/div>\n\n\n\n<div class=\"wp-block-column has-background is-layout-flow wp-block-column-is-layout-flow\" style=\"background-color:#ece7da;padding-right:var(--wp--preset--spacing--20);padding-left:var(--wp--preset--spacing--20);flex-basis:50%\">\n<h3 class=\"wp-block-heading\"><strong>Fecha<\/strong><\/h3>\n\n\n\n<p>2011<\/p>\n\n\n\n<hr class=\"wp-block-separator has-alpha-channel-opacity\"\/>\n\n\n\n<h3 class=\"wp-block-heading\"><strong>Mandante<\/strong><\/h3>\n\n\n\n<p>Colegio Panamerican College<\/p>\n\n\n\n<hr class=\"wp-block-separator has-alpha-channel-opacity\"\/>\n\n\n\n<h3 class=\"wp-block-heading\"><strong>Arquitecto<\/strong><\/h3>\n\n\n\n<p>Miguel Olivares<\/p>\n\n\n\n<hr class=\"wp-block-separator has-alpha-channel-opacity\"\/>\n\n\n\n<h3 class=\"wp-block-heading\"><strong>Categor\u00eda<\/strong><\/h3>\n\n\n\n<p>Educacional<\/p>\n\n\n\n<p><\/p>\n<\/div>\n<\/div>\n\n\n\n<div class=\"wp-block-group has-background has-global-padding is-layout-constrained wp-block-group-is-layout-constrained\" style=\"background-color:#f65f14\">\n<figure class=\"wp-block-image size-full is-resized\"><img loading=\"lazy\" decoding=\"async\" width=\"1640\" height=\"664\" src=\"https:\/\/ingesag.cl\/wp\/wp-content\/uploads\/naranjo.png\" alt=\"\" class=\"wp-image-145\" style=\"width:74px\" srcset=\"https:\/\/ingesag.cl\/wp\/wp-content\/uploads\/naranjo.png 1640w, https:\/\/ingesag.cl\/wp\/wp-content\/uploads\/naranjo-600x243.png 600w, https:\/\/ingesag.cl\/wp\/wp-content\/uploads\/naranjo-768x311.png 768w, https:\/\/ingesag.cl\/wp\/wp-content\/uploads\/naranjo-1536x622.png 1536w\" sizes=\"auto, (max-width: 1640px) 100vw, 1640px\" \/><\/figure>\n<\/div>\n\n\n\n<p><\/p>\n","protected":false},"excerpt":{"rendered":"<p>Direcci\u00f3n: Los Pinos 45, Vi\u00f1a del Mar. Superficie Construida: 360 m2. Estructuraci\u00f3n: Ampliaci\u00f3n de un pabell\u00f3n con las instalaciones necesarias para albergar un nuevo Comedor, taller, Sala de Computaci\u00f3n y Biblioteca. El edificio tiene tres pisos, estructurado en Hormig\u00f3n armado. Fecha 2011 Mandante Colegio Panamerican College Arquitecto Miguel Olivares Categor\u00eda Educacional<\/p>\n","protected":false},"author":1,"featured_media":0,"parent":35,"menu_order":0,"comment_status":"closed","ping_status":"closed","template":"","meta":{"_editorskit_title_hidden":false,"_editorskit_reading_time":0,"_editorskit_is_block_options_detached":false,"_editorskit_block_options_position":"{}","_uag_custom_page_level_css":"","footnotes":""},"class_list":["post-241","page","type-page","status-publish","hentry"],"uagb_featured_image_src":{"full":false,"thumbnail":false,"medium":false,"medium_large":false,"large":false,"1536x1536":false,"2048x2048":false},"uagb_author_info":{"display_name":"asg","author_link":"https:\/\/ingesag.cl\/wp\/author\/ifeye\/"},"uagb_comment_info":0,"uagb_excerpt":"Direcci\u00f3n: Los Pinos 45, Vi\u00f1a del Mar. Superficie Construida: 360 m2. Estructuraci\u00f3n: Ampliaci\u00f3n de un pabell\u00f3n con las instalaciones necesarias para albergar un nuevo Comedor, taller, Sala de Computaci\u00f3n y Biblioteca. El edificio tiene tres pisos, estructurado en Hormig\u00f3n armado. Fecha 2011 Mandante Colegio Panamerican College Arquitecto Miguel Olivares Categor\u00eda Educacional","_links":{"self":[{"href":"https:\/\/ingesag.cl\/wp\/wp-json\/wp\/v2\/pages\/241","targetHints":{"allow":["GET"]}}],"collection":[{"href":"https:\/\/ingesag.cl\/wp\/wp-json\/wp\/v2\/pages"}],"about":[{"href":"https:\/\/ingesag.cl\/wp\/wp-json\/wp\/v2\/types\/page"}],"author":[{"embeddable":true,"href":"https:\/\/ingesag.cl\/wp\/wp-json\/wp\/v2\/users\/1"}],"replies":[{"embeddable":true,"href":"https:\/\/ingesag.cl\/wp\/wp-json\/wp\/v2\/comments?post=241"}],"version-history":[{"count":4,"href":"https:\/\/ingesag.cl\/wp\/wp-json\/wp\/v2\/pages\/241\/revisions"}],"predecessor-version":[{"id":319,"href":"https:\/\/ingesag.cl\/wp\/wp-json\/wp\/v2\/pages\/241\/revisions\/319"}],"up":[{"embeddable":true,"href":"https:\/\/ingesag.cl\/wp\/wp-json\/wp\/v2\/pages\/35"}],"wp:attachment":[{"href":"https:\/\/ingesag.cl\/wp\/wp-json\/wp\/v2\/media?parent=241"}],"curies":[{"name":"wp","href":"https:\/\/api.w.org\/{rel}","templated":true}]}}